{"id":32,"date":"2022-03-30T10:59:28","date_gmt":"2022-03-30T10:59:28","guid":{"rendered":"https:\/\/suasesport.com\/?page_id=32"},"modified":"2023-04-20T12:13:40","modified_gmt":"2023-04-20T11:13:40","slug":"aviso-legal","status":"publish","type":"page","link":"https:\/\/suasesport.com\/es\/aviso-legal\/","title":{"rendered":"Aviso Legal"},"content":{"rendered":"<h5>1. INTRODUCCI\u00d3N Y DATOS IDENTIFICATIVOS<\/h5>\n<p>La siguiente informaci\u00f3n explica el Aviso Legal y las Condiciones de Uso que regulan el acceso, navegaci\u00f3n y uso de la Web de SUAS ESPORT, PERI\u00d3DICO DEPORTIVO DE LA MARINA ALTA, FRAN\u00c7OISE CRESPO L\u00d3PEZ (de ahora en adelante, SUAS ESPORT), la direcci\u00f3n de la cual URL es www.suasesport.com.<\/p>\n<p>FRAN\u00c7OISE CRESPO L\u00d3PEZ, 28990231-L, profesional independiente con domicilio fiscal en C\/ Ulises 3E, 1, 1. D\u00e9nia \u2013 Alicante.<\/p>\n<p>Si necesita comunicarse con SUAS ESPORT puede enviarnos una email a fransu@suasesport.com<\/p>\n<h5>2. OBJETO Y \u00c1MBITO DE APLICACI\u00d3N<\/h5>\n<p>Las siguientes condiciones generales regulan el acceso a los contenidos y todos los servicios ofrecidos por SUAS ESPORT a trav\u00e9s de su web www.suasesport.com, incluidos los de comentario de noticias y art\u00edculos, y cualquier otro, as\u00ed como la utilizaci\u00f3n de los mismos por parte de los usuarios (tendr\u00e1n la condici\u00f3n de usuario quienes accedan a los Contenidos y\/o utilizan los Servicios, de ahora en adelante los Usuarios. Sin embargo, SUAS ESPORT se reserva el derecho a modificar la presentaci\u00f3n, configuraci\u00f3n y contenido del Sitio web y de los Servicios, as\u00ed como tambi\u00e9n las condiciones requeridas para su acceso y\/o utilizaci\u00f3n. El acceso y utilizaci\u00f3n de los Contenidos y Servicios despu\u00e9s de la entrada en vigor de sus modificaciones o los cambios en las condiciones suponen la aceptaci\u00f3n de estas.<\/p>\n<p>El acceso, navegaci\u00f3n y uso del Sitio web comporta y supone la aceptaci\u00f3n por el usuario del presente Aviso Legal y las Condiciones de Uso que incluye.<\/p>\n<p>En este sentido, se entender\u00e1 por Usuario a la persona que acceda, navegue, utilice o participe en los servicios y actividades, gratuitas u onerosas, desarrolladas en el Sitio web.<\/p>\n<h5>3. ACCESO<\/h5>\n<p>3.1. El acceso a los Contenidos y la utilizaci\u00f3n de los Servicios proporcionados por www.suasesport.com tiene car\u00e1cter libre y gratuito, si bien, alguno de los Servicios y Contenidos ofrecidos por SUAS ESPORT a terceros a trav\u00e9s del Sitio web pueden estar sujetos a su contrataci\u00f3n previa y al pago de una cantidad, lo cual se especificar\u00e1 en sus propias condiciones generales de contrataci\u00f3n.<\/p>\n<p>3.2. Queda prohibido el acceso al Sitio web por parte de menores de edad, salvo que cuentan con la autorizaci\u00f3n previa y expresa de sus padres, tutores o representantes legales, los cuales ser\u00e1n considerados como responsables de los actos que lleven a cabo los menores a su cargo, conforme a la normativa vigente. En todo caso, se presumir\u00e1 que el acceso realizado por un menor al Sitio web se ha realizado con autorizaci\u00f3n previa y expresa de sus padres, tutores o representantes legales.<\/p>\n<p>3.3. El acceso y navegaci\u00f3n a trav\u00e9s del Sitio web no requiere Registro. Si bien para realizar comentarios se requiere de un nombre usuario y un email aportado por el usuario.<\/p>\n<p>En virtud del anterior, es obligaci\u00f3n del Usuario notificar de manera inmediata a los gestores del Sitio web sobre cualquier hecho que permita el uso indebido de los identificadores y\/o contrase\u00f1as, como por ejemplo el robo, extrav\u00edo, o el acceso no autorizado a estos, con el fin de proceder a su inmediata cancelaci\u00f3n. Mientras no se comunican tales hechos, SUAS ESPORT quedar\u00e1 eximida de cualquier responsabilidad que pudiera derivarse del uso indebido de los identificadores por terceros no autorizados.<\/p>\n<h5>4. DERECHOS DE PROPIEDAD INTELECTUAL E INDUSTRIAL<\/h5>\n<p>El presente Sitio web se rige por las leyes espa\u00f1olas y por la legislaci\u00f3n nacional e internacional sobre propiedad intelectual e industrial.<\/p>\n<p>SUAS ESPORT por s\u00ed misma o como cesionaria o licenciataria, est\u00e1 autorizada o es titular de todos los derechos de propiedad intelectual e industrial del Sitio web, haciendo expresa reserva de estos, por cuanto queda expresamente prohibida la reproducci\u00f3n, distribuci\u00f3n y comunicaci\u00f3n p\u00fablica en todo o en parte de estos, en ninguna forma ni por ning\u00fan medio sin contar con la autorizaci\u00f3n previa, todo esto en conformidad con lo previsto en el art\u00edculo 32.1 del Texto Refundido de la Ley de Propiedad Intelectual.<\/p>\n<p>El Usuario se abstendr\u00e1 de emplear cualquier sistema o dispositivo capaz de acceder o alterar la configuraci\u00f3n del Sitio web o su sistema de seguridad.<\/p>\n<p>En ning\u00fan caso se entender\u00e1 que el acceso y navegaci\u00f3n del Usuario por el Sitio web o la utilizaci\u00f3n, adquisici\u00f3n y\/o contrataci\u00f3n de productos o servicios ofrecidos a trav\u00e9s del Sitio web, implico una renuncia, transmisi\u00f3n, licencia o cesi\u00f3n total ni parcial de estos derechos por parte de SUAS ESPORT.<\/p>\n<h5>5. UTILIZACI\u00d3N DE LA P\u00c1GINA<\/h5>\n<p>5.1. El Usuario se compromete a utilizar los Servicios proporcionados por www.suasesport.com en conformidad con la Ley y con las presentes Condiciones Generales. El Usuario se obliga a abstenerse de utilizar los Servicios con fines o efectos il\u00edcitos o contrarios al que se establece en las Condiciones Generales.<\/p>\n<p>5.2. El Usuario est\u00e1 de acuerdo y tiene presente que en los servicios de comentario de noticias, env\u00edo de informaci\u00f3n a trav\u00e9s de formularios, as\u00ed como cualesquiera otros que permiten la publicaci\u00f3n de las opiniones de los Usuarios, no se aceptan anuncios, cadenas de mensajes de correo electr\u00f3nico o cualquier otro contenido que no sea opinar o debatir sobre art\u00edculos o noticias. Al utilizar los Servicios, el Usuario manifiesta su conformidad con estas Condiciones Generales, comprometi\u00e9ndose a no utilizarlos para enviar mensajes que difaman o insultan, o que contengan informaci\u00f3n falsa, que sea inapropiada, abusiva, nociva, pornogr\u00e1fica, amenazante, da\u00f1ando la imagen p\u00fablica o la vida privada de terceras personas o que por alguna causa infrinjan alguna ley.<\/p>\n<p>5.3. En particular, y a t\u00edtulo meramente indicativo y no exhaustivo, el Usuario se compromete a no captar datos con finalidad publicitaria, a no enviar ning\u00fan tipo de publicidad en l\u00ednea y a no transmitir, difundir o poner a disposici\u00f3n de terceros a trav\u00e9s de los Servicios proporcionados por www.suasesport.com, informaciones, mensajes, gr\u00e1ficos, archivos de sonido o imagen, fotograf\u00edas, grabaciones, software y en general cualquier clase de material, datos o contenidos que, sin \u00e1nimo exhaustivo:<\/p>\n<ul>\n<li>incurran en actividades il\u00edcitas, ilegales o contrarias a la buena fe y al orden p\u00fablico.<\/li>\n<li>de cualquier forma contravengan, desprecian o atentan contra los derechos fundamentales y libertades p\u00fablicas reconocidas constitucionalmente y\/o en los tratados internacionales y\/o en el resto del Ordenamiento Jur\u00eddico.<\/li>\n<li>induzcan, incitan o promuevan actuaciones delictivas, denigratorias, difamatorias o violentas<br \/>\ninduzcan, incitan o promuevan actuaciones, actitudes o ideas discriminatorias por raz\u00f3n de sexo, raza, religi\u00f3n, creencias o edad.<\/li>\n<li>incorporen mensajes delictivos, violentos o degradantes.<\/li>\n<li>induzcan o inciten a involucrarse en pr\u00e1cticas peligrosas, de riesgo o nocivas para la salud y el equilibrio ps\u00edquico.<\/li>\n<li>sean falsos, ambiguos, inexactos, exagerados o extempor\u00e1neos, de forma que puedan inducir a error sobre su objeto o sobre las intenciones o prop\u00f3sitos del comunicante.<\/li>\n<li>se encuentren protegidos por cualesquier derechos de propiedad intelectual o industrial pertenecientes a terceros, sin que el Usuario haya obtenido previamente de sus titulares la autorizaci\u00f3n necesaria para llevar a cabo el uso que efect\u00faa o pretende efectuar.<\/li>\n<li>violen los secretos empresariales de terceros.<\/li>\n<li>sean contrarios al derecho al honor, a la intimidad personal y familiar o a la propia imagen de las personas<\/li>\n<li>infrinjan la normativa sobre secreto de las comunicaciones.<\/li>\n<li>provoquen por sus caracter\u00edsticas (como formato, extensi\u00f3n, etc.) dificultades en el normal funcionamiento de los Servicios.<\/li>\n<\/ul>\n<p><strong>Responsabilidad por da\u00f1os y perjuicios<\/strong><\/p>\n<p>El Usuario responder\u00e1 del incumplimiento de cualesquier de las obligaciones a las cuales queda sometido por virtud de las presentes Condiciones Generales o de la ley en relaci\u00f3n con la utilizaci\u00f3n de los Servicios.<\/p>\n<h5>6. LICENCIA SOBRE LAS COMUNICACIONES<\/h5>\n<p>6.1. En el supuesto de que el Usuario env\u00edo informaci\u00f3n de cualquier tipo a SUAS ESPORT a trav\u00e9s del Sitio web, mediante los canales dispuestos a tal fin en la propia P\u00e1gina, el Usuario declara, garantiza y acepta que tiene derecho a hacerlo libremente, que esta informaci\u00f3n no infringe ning\u00fan derecho de propiedad intelectual, de marca, de patente, secreto comercial, o cualquier otro derecho de tercero, que esta informaci\u00f3n no tiene car\u00e1cter confidencial y que esta informaci\u00f3n no es perjudicial para terceros.<\/p>\n<p>6.2. El Usuario reconoce asumir la responsabilidad y dejar\u00e1 indemne a SUAS ESPORT por cualquier comunicaci\u00f3n que suministro personalmente o a su nombre, consiguiendo esta responsabilidad sin ninguna restricci\u00f3n la exactitud, legalidad, originalidad y titularidad de esta.<\/p>\n<h5>7. RESPONSABILIDADES Y GARANT\u00cdAS<\/h5>\n<p>SUAS ESPORT no puede garantizar la fiabilidad, utilidad o veracidad de los servicios o de la informaci\u00f3n que se preste a trav\u00e9s del Sitio web, ni tampoco de la utilidad o veracidad de la documentaci\u00f3n de los acontecimientos que pueden ser adquiriros a trav\u00e9s del Sitio web, preparada por profesionales de muy diversos sectores.<\/p>\n<p>En consecuencia, SUAS ESPORT no garantiza ni se hace responsable de:<\/p>\n<ul>\n<li>la continuidad de los contenidos del Sitio web.<\/li>\n<li>la ausencia de errores en estos contenidos o productos.<\/li>\n<li>la ausencia de virus y\/u otros componentes nocivos en el Sitio web o en el servidor que lo suministra.<\/li>\n<li>la invulnerabilidad del Sitio web y\/o la inexpugnabilidad de las medidas de seguridad que se adoptan en este.<\/li>\n<li>la falta de utilidad o rendimiento de los contenidos y productos del Sitio web.<\/li>\n<li>los da\u00f1os o perjuicios que cause, a s\u00ed mismo o a un tercero, cualquier persona que infringiera las condiciones, normas e instrucciones que SUAS ESPORT establece en el Sitio web o a trav\u00e9s de la vulneraci\u00f3n de los sistemas de seguridad del Sitio web.<\/li>\n<\/ul>\n<p>No obstante, SUAS ESPORT declara que ha adoptado todas las medidas necesarias, dentro de sus posibilidades y del estado de la tecnolog\u00eda, para garantizar el funcionamiento del Sitio web y evitar la existencia y transmisi\u00f3n de virus y otros componentes nocivos a los Usuarios.<\/p>\n<p>Si el Usuario tuviera conocimiento de la existencia de alg\u00fan contenido il\u00edcito, ilegal, contrario a las leyes o que pudiera suponer una infracci\u00f3n de derechos de propiedad intelectual y\/o industrial, tendr\u00e1 que notificarlo inmediatamente a SUAS ESPORT porque esta pueda proceder a la adopci\u00f3n de las medidas oportunas.<\/p>\n<p><strong>Exclusi\u00f3n de garant\u00edas y exoneraci\u00f3n de responsabilidad<\/strong><\/p>\n<p>SUAS ESPORT no garantiza la disponibilidad y continuidad del funcionamiento de los Servicios. SUAS ESPORT tampoco garantiza la utilidad de los Servicios para la realizaci\u00f3n de ninguna actividad en particular, ni su infalibilidad y, en particular, aunque no de manera exclusiva, que los Usuarios puedan efectivamente acceder a las diferentes p\u00e1ginas web que forman el servicio, ni que a trav\u00e9s del mismo se puedan difundir o poner a disposici\u00f3n de terceros informaciones, datos o contenidos o acceder a informaciones, datos o contenidos difundidos o lugares a disposici\u00f3n por terceros.<\/p>\n<p>SUAS ESPORT no asume ninguna responsabilidad por los da\u00f1os y perjuicios de cualquier naturaleza que puedan derivarse de la falta de disponibilidad o de continuidad del funcionamiento de los Servicios, y del acceso a los Contenidos y a las suspensiones del servicio y, en particular, aunque no de una manera exclusiva, a las limitaciones temporales en el acceso en las diferentes p\u00e1ginas web del servicio de comentarios. SUAS ESPORT podr\u00e1 en cualquier momento suspender temporal o definitivamente cualquier Servicio.<\/p>\n<p>SUAS ESPORT no asume ninguna responsabilidad ni garantiza la ausencia de virus u otros elementos en los Contenidos que puedan producir alteraciones en el sistema inform\u00e1tico del Usuario (software y hardware) o en los documentos electr\u00f3nicos y ficheros almacenados en su sistema inform\u00e1tico.<\/p>\n<p>SUAS ESPORT no asume ninguna responsabilidad respecto a la veracidad, licitud, exactitud, exhaustividad, actualidad, fiabilidad y\/o utilidad de los Contenidos.<\/p>\n<p>SUAS ESPORT no asume ninguna responsabilidad por el contenido o servicios que existieron en enlaces a los cuales se pudiera acceder desde el Sitio web.<\/p>\n<p><strong>Utilizaci\u00f3n de los Servicios bajo la Exclusiva Responsabilidad del Usuario<\/strong><\/p>\n<p>El Usuario es consciente y acepta voluntariamente que el uso de los Servicios tiene lugar, en todo caso, bajo su \u00fanica y exclusiva responsabilidad. Teniendo en cuenta la naturaleza de estos Servicios, el contenido de los mensajes publicados a trav\u00e9s de los mismos expresa \u00fanicamente la opini\u00f3n de su autor. SUAS ESPORT no garantiza la exactitud, integridad o utilidad de cualquier mensaje, por lo cual en ning\u00fan caso ser\u00e1 responsable del contenido de estos.<\/p>\n<p>El Usuario reconoce y acepta que la utilizaci\u00f3n del Sitio web ser\u00e1 efectuada con fines estrictamente particulares, lo cual supone que queda prohibido que el Usuario autorizo terceros el uso total o parcial del Sitio web o que introduzca o incorporo como una actividad empresarial propia los Contenidos y los Servicios.<\/p>\n<p><strong>Exclusi\u00f3n de garant\u00edas y exoneraci\u00f3n de responsabilidad por la utilizaci\u00f3n de los Servicios por los Usuarios<\/strong><\/p>\n<p>SUAS ESPORT no tiene obligaci\u00f3n de controlar la utilizaci\u00f3n que los Usuarios hacen de los Servicios. En particular, SUAS ESPORT no garantiza que los Usuarios utilizan los Servicios en conformidad con estas Condiciones Generales, ni que lo hagan de manera diligente. SUAS ESPORT tampoco tiene la obligaci\u00f3n de verificar la identidad de los Usuarios, ni la veracidad, vigencia, exhaustividad y autenticidad de los datos que los Usuarios proporcionan sobre s\u00ed mismos a otros Usuarios. En cualquier caso, conserva los datos e informaci\u00f3n que la legislaci\u00f3n en vigor le exige.<\/p>\n<p><strong>Limitaci\u00f3n en la Utilizaci\u00f3n de los Servicios<\/strong><\/p>\n<p>SUAS ESPORT se reserva el derecho a denegar la utilizaci\u00f3n de los Servicios y a retirar las informaciones, datos y contenidos difundidos o lugares a disposici\u00f3n de terceros a trav\u00e9s de cualquier de estos Servicios, en cualquier momento y sin necesidad de previo aviso a aquellos Usuarios que incumplan estas Condiciones Generales. SUAS ESPORT podr\u00e1 eliminar aquellos mensajes que considero inapropiados, fuera de contexto o que no tienen continuidad con el debate<\/p>\n<h5>8. ENLACES<\/h5>\n<p>8.1 Enlaces en otras p\u00e1ginas Web<\/p>\n<p>En caso de que en el Sitio web, el Usuario pudiera encontrar enlaces en otras p\u00e1ginas Web mediante diferentes botones, links, banners, etc., estos ser\u00edan gestionados por terceros. SUAS ESPORT no tiene facultad ni medios humanos ni t\u00e9cnicos para conocer, controlar ni aprobar toda la informaci\u00f3n, contenidos, productos o servicios facilitados por otros sitios web a los cuales se puedan establecer enlaces desde el Sitio web.<\/p>\n<p>En consecuencia, SUAS ESPORT no podr\u00e1 asumir ning\u00fan tipo de responsabilidad por cualquier aspecto relativo en la p\u00e1gina Web a la cual se pudiera establecer un enlace desde el Sitio web, en concreto, a t\u00edtulo enunciativo y no tajante, sobre su funcionamiento, acceso, datos, informaci\u00f3n, archivos, calidad y fiabilidad de sus productos y servicios, sus propios enlaces y\/o cualquiera de sus contenidos, en general.<\/p>\n<p>En este sentido, si los Usuarios tuvieron conocimiento efectivo de la ilicitud de actividades desarrolladas a trav\u00e9s de estas p\u00e1ginas Web de terceros, tendr\u00e1n que comunicarlo inmediatamente a SUAS ESPORT a efectos de que se proceda a deshabilitar el enlace de acceso a esta.<\/p>\n<p>El establecimiento de cualquier tipo de enlace desde el Sitio web a otro Sitio web ajeno no implicar\u00e1 que exista alg\u00fan tipo de relaci\u00f3n, colaboraci\u00f3n o dependencia entre SUAS ESPORT y el responsable del Sitio web ajeno.<\/p>\n<p>8.2 Enlaces en otras p\u00e1ginas Web con destino al Sitio web<\/p>\n<p>Si cualquier Usuario, entidad o Sitio web deseara establecer alg\u00fan tipo de enlace con destino en el Sitio web tendr\u00e1 que atenerse a las siguientes estipulaciones:<\/p>\n<ul>\n<li>El enlace tiene que ser absoluto y completo, es decir, tiene que llevar al Usuario, mediante un clic, a la propia direcci\u00f3n URL de la p\u00e1gina del Sitio web que se enlace y tiene que alcanzar completamente toda la extensi\u00f3n de la pantalla de la p\u00e1gina del Sitio web que se enlace. En ning\u00fan caso, salvo que SUAS ESPORT lo autorice de manera expresa y por escrito, el sitio web que realiza el enlace podr\u00e1 reproducir, de cualquier manera, el Sitio web, incluirlo como parte de su Web o dentro de uno de sus \u201cframes\u201d o crear un \u201cbrowser\u201d sobre cualquier de las p\u00e1ginas del Sitio web.<\/li>\n<li>En la p\u00e1gina que establece el enlace no se podr\u00e1 declarar de ninguna forma que SUAS ESPORT ha autorizado tal enlace, salvo que SUAS ESPORT lo haya hecho expresamente y por escrito. Si la entidad que realiza el enlace desde su p\u00e1gina al Sitio web correctamente deseara incluir en su p\u00e1gina Web la marca, denominaci\u00f3n, nombre comercial, letrero, logotipo, eslogan o cualquier otro tipo de elemento identificativo de SUAS ESPORT.<\/li>\n<li>SUAS ESPORT no autoriza el establecimiento de un enlace al Sitio web desde aquellas p\u00e1ginas Web que contengan materiales, informaci\u00f3n o contenidos il\u00edcitos, ilegales, degradantes, obscenos, y en general, que contravengan la moral, el orden p\u00fablico o las normas sociales generalmente aceptadas.<\/li>\n<\/ul>\n<p>SUAS ESPORT no tiene facultad ni medios humanos y t\u00e9cnicos para conocer, controlar ni aprobar toda la informaci\u00f3n, contenidos, productos o servicios facilitados por otros sitios web que tengan establecidos enlaces con destino en el Sitio web. SUAS ESPORT no asume ning\u00fan tipo de responsabilidad por cualquier aspecto relativo al Sitio web que establece ese enlace con destino en el Sitio web, en concreto, a t\u00edtulo enunciativo y no tajante, sobre su funcionamiento, acceso, datos, informaci\u00f3n, archivos, calidad y fiabilidad de sus productos y servicios, sus propios enlaces y\/o cualquiera de sus contenidos, en general.<\/p>\n<h5>9. POL\u00cdTICA DE PRIVACIDAD<\/h5>\n<p>La Pol\u00edtica de privacidad de www.suasesport.com queda determinada por el que se establece en el documento <a href=\"https:\/\/suasesport.com\/es\/politica-privacidad\/\">POL\u00cdTICA DE PRIVACIDAD<\/a><\/p>\n<h5>10. COOKIES<\/h5>\n<p>La Pol\u00edtica de cookies de www.suasesport.com queda determinada por el que se establece en el documento <a href=\"https:\/\/suasesport.com\/es\/cookies\/\">POL\u00cdTICA DE COOKIES<\/a><\/p>\n<h5>11. DURACI\u00d3N Y MODIFICACI\u00d3N<\/h5>\n<p>11.1. SUAS ESPORT podr\u00e1 modificar los t\u00e9rminos y condiciones aqu\u00ed estipulados, total o parcialmente, publicando cualquier cambio en la misma forma en que aparece este Aviso legal o a trav\u00e9s de cualquier tipo de comunicaci\u00f3n dirigida a los Usuarios.<\/p>\n<p>11.2. La vigencia temporal de este Aviso legal coincide, por lo tanto, con el tiempo de su exposici\u00f3n, hasta que sean modificadas total o parcialmente, momento en el cual pasar\u00e1 a tener vigencia el Aviso legal modificado.<\/p>\n<p>11.3. Con independencia del que se dispone en las condiciones particulares, SUAS ESPORT podr\u00e1 dar por acabado, suspender o interrumpir, en cualquier momento sin necesidad de preaviso, el acceso a los contenidos de la p\u00e1gina, sin posibilidad por parte del Usuario de exigir ninguna indemnizaci\u00f3n. Despu\u00e9s de esta extinci\u00f3n, continuar\u00e1n vigentes las prohibiciones de uso de los contenidos expuestas anteriormente en el presente Aviso legal.<\/p>\n<h5>12. ACCIONES LEGALES<\/h5>\n<p>SUAS ESPORT se reserva, as\u00ed mismo, la facultad de presentar las acciones civiles o penales que considero oportunas por la utilizaci\u00f3n indebida de su sitio web y contenidos, o por el incumplimiento de las presentes condiciones.<\/p>\n<h5>13. JURISDICCI\u00d3N<\/h5>\n<p>Las relaciones establecidas entre SUAS ESPORT y el Usuario se regir\u00e1n por el que se dispone en la normativa vigente sobre la legislaci\u00f3n aplicable y la jurisdicci\u00f3n competente. Sin embargo, para los casos en los cuales la normativa prevea la posibilidad a las partes de someterse a un fuero, SUAS ESPORT y el Usuario, con renuncia expresa a cualquier otro fuero que pudiera corresponderlos, someter\u00e1n cualesquier controversias y\/o litigios al conocimiento de los Juzgados y Tribunales de la ciudad de D\u00e9nia.<\/p>\n","protected":false},"excerpt":{"rendered":"<p>1. INTRODUCCI\u00d3N Y DATOS IDENTIFICATIVOS La siguiente informaci\u00f3n explica el Aviso Legal y las Condiciones de Uso que regulan el acceso, navegaci\u00f3n y uso de la Web de SUAS ESPORT, PERI\u00d3DICO DEPORTIVO DE LA MARINA ALTA, FRAN\u00c7OISE CRESPO L\u00d3PEZ (de ahora en adelante, SUAS ESPORT), la direcci\u00f3n de la cual URL es www.suasesport.com. FRAN\u00c7OISE CRESPO&hellip; <a class=\"more-link\" href=\"https:\/\/suasesport.com\/es\/aviso-legal\/\">Seguir leyendo <span class=\"screen-reader-text\">Aviso Legal<\/span><\/a><\/p>\n","protected":false},"author":1,"featured_media":0,"parent":0,"menu_order":0,"comment_status":"closed","ping_status":"closed","template":"","meta":{"footnotes":""},"class_list":["post-32","page","type-page","status-publish","hentry","entry"],"_links":{"self":[{"href":"https:\/\/suasesport.com\/es\/wp-json\/wp\/v2\/pages\/32","targetHints":{"allow":["GET"]}}],"collection":[{"href":"https:\/\/suasesport.com\/es\/wp-json\/wp\/v2\/pages"}],"about":[{"href":"https:\/\/suasesport.com\/es\/wp-json\/wp\/v2\/types\/page"}],"author":[{"embeddable":true,"href":"https:\/\/suasesport.com\/es\/wp-json\/wp\/v2\/users\/1"}],"replies":[{"embeddable":true,"href":"https:\/\/suasesport.com\/es\/wp-json\/wp\/v2\/comments?post=32"}],"version-history":[{"count":17,"href":"https:\/\/suasesport.com\/es\/wp-json\/wp\/v2\/pages\/32\/revisions"}],"predecessor-version":[{"id":12243,"href":"https:\/\/suasesport.com\/es\/wp-json\/wp\/v2\/pages\/32\/revisions\/12243"}],"wp:attachment":[{"href":"https:\/\/suasesport.com\/es\/wp-json\/wp\/v2\/media?parent=32"}],"curies":[{"name":"wp","href":"https:\/\/api.w.org\/{rel}","templated":true}]}}