{"id":3,"date":"2022-03-30T09:29:56","date_gmt":"2022-03-30T09:29:56","guid":{"rendered":"https:\/\/suasesport.com\/?page_id=3"},"modified":"2023-04-20T11:34:56","modified_gmt":"2023-04-20T10:34:56","slug":"politica-privacidad","status":"publish","type":"page","link":"https:\/\/suasesport.com\/es\/politica-privacidad\/","title":{"rendered":"Pol\u00edtica de Privacidad"},"content":{"rendered":"<p>[et_pb_section fb_built=\u00bb1&#8243; _builder_version=\u00bb4.16&#8243; global_colors_info=\u00bb{}\u00bb][et_pb_row _builder_version=\u00bb4.16&#8243; background_size=\u00bbinitial\u00bb background_position=\u00bbtop_left\u00bb background_repeat=\u00bbrepeat\u00bb global_colors_info=\u00bb{}\u00bb][et_pb_column type=\u00bb4_4&#8243; _builder_version=\u00bb4.16&#8243; custom_padding=\u00bb|||\u00bb global_colors_info=\u00bb{}\u00bb custom_padding__hover=\u00bb|||\u00bb][et_pb_text admin_label=\u00bbTexto\u00bb _builder_version=\u00bb4.18.0&#8243; background_size=\u00bbinitial\u00bb background_position=\u00bbtop_left\u00bb background_repeat=\u00bbrepeat\u00bb custom_margin=\u00bb-40px||||false|false\u00bb global_colors_info=\u00bb{}\u00bb]<\/p>\n<h2><span style=\"font-size: 16px;\">Pol\u00edtica de protecci\u00f3n de datos<\/span><\/h2>\n<div class=\"entry\">\n<p>En cumplimiento de lo dispuesto en la Ley Org\u00e1nica 15\/1999 de 13 de Diciembre, de Protecci\u00f3n de Datos de Car\u00e1cter Personal, FRAN\u00c7OISE CRESPO L\u00d3PEZ,\u00a0 (en adelante, SUAS ESPORT), le comunica que:<\/p>\n<p>1. Los datos personales facilitados por Usted a trav\u00e9s del presente Sitio Web se incorporar\u00e1n a los ficheros de titularidad de SUAS ESPORT, debidamente inscritos en el Registro General de Protecci\u00f3n de Datos. La finalidad de dichos ficheros es la gesti\u00f3n de los usuarios del Sitio Web, la gesti\u00f3n de los servicios ofrecidos a trav\u00e9s de dicho sitio y, en su caso, la gesti\u00f3n, desarrollo y cumplimiento de la relaci\u00f3n establecida entre SUAS ESPORT y quienes se suscriban a la publicaci\u00f3n a trav\u00e9s del Sitio Web. Igualmente, SUAS ESPORT tratar\u00e1 los datos para gestionar las consultas que reciba a trav\u00e9s del Sitio Web por parte de los usuarios del mismo.<\/p>\n<p>2. Usted garantiza que los datos aportados son verdaderos, exactos, completos y actualizados, siendo responsable de cualquier da\u00f1o o perjuicio, directo o indirecto, que pudiera ocasionarse como consecuencia del incumplimiento de tal obligaci\u00f3n.<\/p>\n<p>3. Mediante el env\u00edo de sus datos consiente la inclusi\u00f3n de sus datos en el fichero arriba mencionado de acuerdo a las anteriores finalidades, incluyendo la transferencia internacional de datos arriba indicada.<\/p>\n<p>4. Cuando los datos personales sean recabados a trav\u00e9s del formulario, ser\u00e1 necesario que Usted aporte, al menos, aquellos marcados con un asterisco, ya que, si no se suministraran estos datos considerados necesarios, SUAS ESPORT no podr\u00e1 aceptar y gestionar el servicio Web o consulta formulada.<\/p>\n<p>5. En respuesta a la preocupaci\u00f3n de SUAS ESPORT por garantizar la seguridad y confidencialidad de sus datos, se han adoptado los niveles de seguridad requeridos de protecci\u00f3n de los datos personales y se han instalado los medios t\u00e9cnicos a su alcance para evitar la p\u00e9rdida, mal uso, alteraci\u00f3n, acceso no autorizado y robo de los datos personales facilitados a trav\u00e9s de www.suasesport.com.<\/p>\n<p>6. Para ejercitar sus derechos de acceso, rectificaci\u00f3n, cancelaci\u00f3n y oposici\u00f3n sobre sus datos, usted puede dirigirse por escrito a la siguiente direcci\u00f3n: SUAS ESPORT, Apartado de Correos 191, D\u00e9nia Alicante. Indicando la referencia \u201cDatos personales\u201d e incluyendo una fotocopia de su DNI. Tambi\u00e9n puede enviar correo electr\u00f3nico a la siguiente direcci\u00f3n: fransu@suasesport.com, aportando asimismo copia escaneada de su DNI.<\/p>\n<p>7. De conformidad con lo establecido en la Ley 34\/2002 de 11 de julio, de Servicios de la Sociedad de la Informaci\u00f3n y del Comercio Electr\u00f3nico, en el supuesto de que usted no desee recibir comunicaciones comerciales electr\u00f3nicas en el futuro, por parte de SUAS ESPORT, podr\u00e1 manifestar tal deseo enviando un mail a la siguiente direcci\u00f3n de correo electr\u00f3nico: fransu@suasesport.com<\/p>\n<p>&nbsp;<\/p>\n<\/div>\n<p>[\/et_pb_text][\/et_pb_column][\/et_pb_row][\/et_pb_section]<\/p>\n","protected":false},"excerpt":{"rendered":"<p>[et_pb_section fb_built=\u00bb1&#8243; _builder_version=\u00bb4.16&#8243; global_colors_info=\u00bb{}\u00bb][et_pb_row _builder_version=\u00bb4.16&#8243; background_size=\u00bbinitial\u00bb background_position=\u00bbtop_left\u00bb background_repeat=\u00bbrepeat\u00bb global_colors_info=\u00bb{}\u00bb][et_pb_column type=\u00bb4_4&#8243; _builder_version=\u00bb4.16&#8243; custom_padding=\u00bb|||\u00bb global_colors_info=\u00bb{}\u00bb custom_padding__hover=\u00bb|||\u00bb][et_pb_text admin_label=\u00bbTexto\u00bb _builder_version=\u00bb4.18.0&#8243; background_size=\u00bbinitial\u00bb background_position=\u00bbtop_left\u00bb background_repeat=\u00bbrepeat\u00bb custom_margin=\u00bb-40px||||false|false\u00bb global_colors_info=\u00bb{}\u00bb] Pol\u00edtica de protecci\u00f3n de datos En cumplimiento de lo dispuesto en la Ley Org\u00e1nica 15\/1999 de 13 de Diciembre, de Protecci\u00f3n de Datos de Car\u00e1cter Personal, FRAN\u00c7OISE CRESPO L\u00d3PEZ,\u00a0 (en adelante, SUAS ESPORT), le&hellip; <a class=\"more-link\" href=\"https:\/\/suasesport.com\/es\/politica-privacidad\/\">Seguir leyendo <span class=\"screen-reader-text\">Pol\u00edtica de Privacidad<\/span><\/a><\/p>\n","protected":false},"author":1,"featured_media":0,"parent":0,"menu_order":0,"comment_status":"closed","ping_status":"closed","template":"","meta":{"footnotes":""},"class_list":["post-3","page","type-page","status-publish","hentry","entry"],"_links":{"self":[{"href":"https:\/\/suasesport.com\/es\/wp-json\/wp\/v2\/pages\/3","targetHints":{"allow":["GET"]}}],"collection":[{"href":"https:\/\/suasesport.com\/es\/wp-json\/wp\/v2\/pages"}],"about":[{"href":"https:\/\/suasesport.com\/es\/wp-json\/wp\/v2\/types\/page"}],"author":[{"embeddable":true,"href":"https:\/\/suasesport.com\/es\/wp-json\/wp\/v2\/users\/1"}],"replies":[{"embeddable":true,"href":"https:\/\/suasesport.com\/es\/wp-json\/wp\/v2\/comments?post=3"}],"version-history":[{"count":14,"href":"https:\/\/suasesport.com\/es\/wp-json\/wp\/v2\/pages\/3\/revisions"}],"predecessor-version":[{"id":12236,"href":"https:\/\/suasesport.com\/es\/wp-json\/wp\/v2\/pages\/3\/revisions\/12236"}],"wp:attachment":[{"href":"https:\/\/suasesport.com\/es\/wp-json\/wp\/v2\/media?parent=3"}],"curies":[{"name":"wp","href":"https:\/\/api.w.org\/{rel}","templated":true}]}}