{"id":28,"date":"2022-03-30T10:58:49","date_gmt":"2022-03-30T10:58:49","guid":{"rendered":"https:\/\/suasesport.com\/?page_id=28"},"modified":"2022-09-23T09:53:38","modified_gmt":"2022-09-23T09:53:38","slug":"cookies","status":"publish","type":"page","link":"https:\/\/suasesport.com\/es\/cookies\/","title":{"rendered":"Cookies"},"content":{"rendered":"<p>[et_pb_section fb_built=\u00bb1&#8243; _builder_version=\u00bb4.16.0&#8243; _module_preset=\u00bbdefault\u00bb global_colors_info=\u00bb{}\u00bb][et_pb_row _builder_version=\u00bb4.16.0&#8243; _module_preset=\u00bbdefault\u00bb global_colors_info=\u00bb{}\u00bb][et_pb_column type=\u00bb4_4&#8243; _builder_version=\u00bb4.16.0&#8243; _module_preset=\u00bbdefault\u00bb global_colors_info=\u00bb{}\u00bb][et_pb_text _builder_version=\u00bb4.18.0&#8243; _module_preset=\u00bbdefault\u00bb custom_margin=\u00bb-40px||||false|false\u00bb hover_enabled=\u00bb0&#8243; global_colors_info=\u00bb{}\u00bb sticky_enabled=\u00bb0&#8243;]<\/p>\n<p>Una cookie es un peque\u00f1o fichero de texto que se almacena en su navegador cuando visita casi cualquier p\u00e1gina web. Su utilidad es que la web sea capaz de recordar su visita cuando vuelvo a navegar por esa p\u00e1gina. Las cookies suelen almacenar informaci\u00f3n de car\u00e1cter t\u00e9cnico, preferencias personales, personalizaci\u00f3n de contenidos, estad\u00edsticas de uso, enlaces a redes sociales, acceso a cuentas de usuario, etc. El objetivo de la cookie es adaptar el contenido de la web a su perfil y necesidades, sin cookies los servicios ofrecidos por cualquier p\u00e1gina se ver\u00edan menguados notablemente.<\/p>\n<h3>Cookies utilizadas en este sitio web<\/h3>\n<p>Siguiendo las directrices de la Agencia Espa\u00f1ola de Protecci\u00f3n de Datos procedemos a detallar el uso de cookies que hace esta web a fin de informarle con la m\u00e1xima exactitud posible.<\/p>\n<p>Este sitio web utiliza las siguientes cookies propias:<\/p>\n<ul>\n<li>Cookies de sesi\u00f3n, para garantizar que los usuarios que escriban comentarios en el blog sean humanos y no aplicaciones automatizadas. De esta manera se combate el spam.<\/li>\n<\/ul>\n<p>Este sitio web utiliza las siguientes cookies de terceros:<\/p>\n<ul>\n<li>Google Analytics: Almacena cookies para poder elaborar estad\u00edsticas sobre el tr\u00e1fico y volumen de visitas de esta web. Al utilizar este sitio web est\u00e1 consintiendo el tratamiento de informaci\u00f3n sobre usted por Google. Por lo tanto, el ejercicio de cualquier derecho en este sentido tendr\u00e1 que hacerlo comunicando directamente con Google.<\/li>\n<li>Redes sociales: Cada red social utiliza sus propias cookies porque usted pueda pinchar en botones del tipo Me gusta o Compartir.<\/li>\n<\/ul>\n<h3>Desactivaci\u00f3n o eliminaci\u00f3n de cookies<\/h3>\n<p>En cualquier momento podr\u00e1 ejercer su derecho de desactivaci\u00f3n o eliminaci\u00f3n de cookies de este sitio web. Estas acciones se realizan de forma diferente en funci\u00f3n del navegador que est\u00e9 utilizando.<\/p>\n<p>&nbsp;<\/p>\n<h3>Notas adicionales<\/h3>\n<ul>\n<li>Ni esta web ni sus representantes legales se hacen responsables ni del contenido ni de la veracidad de las pol\u00edticas de privacidad que puedan tener los terceros mencionados en esta pol\u00edtica de cookies.<\/li>\n<li>Los navegadores web son las herramientas encargadas de almacenar las cookies y desde este lugar tiene que efectuar su derecho a eliminaci\u00f3n o desactivaci\u00f3n de las mismas. Ni esta web ni sus representantes legales pueden garantizar la correcta o incorrecta manipulaci\u00f3n de las cookies por parte de los mencionados navegadores.<\/li>\n<li>En algunos casos es necesario instalar cookies porque el navegador no olvide su decisi\u00f3n de no aceptaci\u00f3n de las mismas.<\/li>\n<li>En el caso de las cookies de Google Analytics, esta empresa almacena las cookies en servidores ubicados en los Estados Unidos y se compromete a no compartirla con terceros, excepto en los casos en qu\u00e9 sea necesario para el funcionamiento del sistema o cuando la ley obligo a este efecto. Seg\u00fan Google, no guarda su direcci\u00f3n IP. Google Inc. es una compa\u00f1\u00eda adherida en el Acuerdo de Puerto Seguro que garantiza que todos los datos transferidos ser\u00e1n tratadas con un nivel de protecci\u00f3n de acuerdo con la normativa europea. \u00a0Si desea informaci\u00f3n sobre el uso que Google da a las cookies le adjuntemos<span>\u00a0<\/span><strong><a href=\"https:\/\/developers.google.com\/analytics\/devguides\/collection\/analyticsjs\/cookie-usage?hl=es&amp;csw=1\">este enlace.<\/a><\/strong><\/li>\n<li>Para cualquier duda o consulta sobre esta pol\u00edtica de cookies no duda a comunicarse con nosotros a trav\u00e9s de la secci\u00f3n de contacto.<\/li>\n<\/ul>\n<p>[\/et_pb_text][\/et_pb_column][\/et_pb_row][\/et_pb_section]<\/p>\n","protected":false},"excerpt":{"rendered":"<p>[et_pb_section fb_built=\u00bb1&#8243; _builder_version=\u00bb4.16.0&#8243; _module_preset=\u00bbdefault\u00bb global_colors_info=\u00bb{}\u00bb][et_pb_row _builder_version=\u00bb4.16.0&#8243; _module_preset=\u00bbdefault\u00bb global_colors_info=\u00bb{}\u00bb][et_pb_column type=\u00bb4_4&#8243; _builder_version=\u00bb4.16.0&#8243; _module_preset=\u00bbdefault\u00bb global_colors_info=\u00bb{}\u00bb][et_pb_text _builder_version=\u00bb4.18.0&#8243; _module_preset=\u00bbdefault\u00bb custom_margin=\u00bb-40px||||false|false\u00bb hover_enabled=\u00bb0&#8243; global_colors_info=\u00bb{}\u00bb sticky_enabled=\u00bb0&#8243;] Una cookie es un peque\u00f1o fichero de texto que se almacena en su navegador cuando visita casi cualquier p\u00e1gina web. Su utilidad es que la web sea capaz de recordar su visita cuando vuelvo a navegar por&hellip; <a class=\"more-link\" href=\"https:\/\/suasesport.com\/es\/cookies\/\">Seguir leyendo <span class=\"screen-reader-text\">Cookies<\/span><\/a><\/p>\n","protected":false},"author":1,"featured_media":0,"parent":0,"menu_order":0,"comment_status":"closed","ping_status":"closed","template":"","meta":{"footnotes":""},"class_list":["post-28","page","type-page","status-publish","hentry","entry"],"_links":{"self":[{"href":"https:\/\/suasesport.com\/es\/wp-json\/wp\/v2\/pages\/28","targetHints":{"allow":["GET"]}}],"collection":[{"href":"https:\/\/suasesport.com\/es\/wp-json\/wp\/v2\/pages"}],"about":[{"href":"https:\/\/suasesport.com\/es\/wp-json\/wp\/v2\/types\/page"}],"author":[{"embeddable":true,"href":"https:\/\/suasesport.com\/es\/wp-json\/wp\/v2\/users\/1"}],"replies":[{"embeddable":true,"href":"https:\/\/suasesport.com\/es\/wp-json\/wp\/v2\/comments?post=28"}],"version-history":[{"count":9,"href":"https:\/\/suasesport.com\/es\/wp-json\/wp\/v2\/pages\/28\/revisions"}],"predecessor-version":[{"id":1436,"href":"https:\/\/suasesport.com\/es\/wp-json\/wp\/v2\/pages\/28\/revisions\/1436"}],"wp:attachment":[{"href":"https:\/\/suasesport.com\/es\/wp-json\/wp\/v2\/media?parent=28"}],"curies":[{"name":"wp","href":"https:\/\/api.w.org\/{rel}","templated":true}]}}