{"id":1442,"date":"2022-03-30T09:29:56","date_gmt":"2022-03-30T08:29:56","guid":{"rendered":"https:\/\/suasesport.com\/politica-de-privacitat\/"},"modified":"2023-04-20T12:17:13","modified_gmt":"2023-04-20T11:17:13","slug":"politica-de-privacitat","status":"publish","type":"page","link":"https:\/\/suasesport.com\/ca\/politica-de-privacitat\/","title":{"rendered":"Pol\u00edtica de Privacitat"},"content":{"rendered":"<p>[et_pb_section fb_built=&#8221;1&#8243; _builder_version=&#8221;4.16&#8243; global_colors_info=&#8221;{}&#8221;][et_pb_row _builder_version=&#8221;4.16&#8243; background_size=&#8221;initial&#8221; background_position=&#8221;top_left&#8221; background_repeat=&#8221;repeat&#8221; global_colors_info=&#8221;{}&#8221;][et_pb_column type=&#8221;4_4&#8243; _builder_version=&#8221;4.16&#8243; custom_padding=&#8221;|||&#8221; global_colors_info=&#8221;{}&#8221; custom_padding__hover=&#8221;|||&#8221;][et_pb_text admin_label=&#8221;Texto&#8221; _builder_version=&#8221;4.18.0&#8243; background_size=&#8221;initial&#8221; background_position=&#8221;top_left&#8221; background_repeat=&#8221;repeat&#8221; custom_margin=&#8221;-40px||||false|false&#8221; global_colors_info=&#8221;{}&#8221;]<\/p>\n<h2><span style=\"font-size: 16px;\">Pol\u00edtica de protecci\u00f3 de dades<\/span><\/h2>\n<div class=\"entry\">\n<p>En compliment del que es disposa en la Llei org\u00e0nica 15\/1999 de 13 de Desembre, de Protecci\u00f3 de Dades de Car\u00e0cter Personal, FRAN\u00c7OISE CRESPO L\u00d3PEZ, (d&#8217;ara en avant, SUAS ESPORT), li comunica que:<\/p>\n<p>1. Les dades personals facilitades per Vost\u00e9 a trav\u00e9s del present Lloc web s&#8217;incorporaran als fitxers de titularitat de SUAS ESPORT, degudament inscrits en el Registre General de Protecci\u00f3 de Dades. La finalitat d&#8217;aquests fitxers \u00e9s la gesti\u00f3 dels usuaris del Lloc web, la gesti\u00f3 dels serveis oferits a trav\u00e9s d&#8217;aquest lloc i, en el seu cas, la gesti\u00f3, desenvolupament i compliment de la relaci\u00f3 establida entre SUAS ESPORT i els qui se subscriguen a la publicaci\u00f3 a trav\u00e9s del Lloc web. Igualment, SUAS ESPORT tractar\u00e0 les dades per a gestionar les consultes que reba a trav\u00e9s del Lloc web per part dels usuaris d&#8217;aquest.<\/p>\n<p>2. Vost\u00e9 garanteix que les dades aportades s\u00f3n vertaders, exactes, complets i actualitzats, sent responsable de qualsevol mal o perjudici, directe o indirecte, que poguera ocasionar-se a conseq\u00fc\u00e8ncia de l&#8217;incompliment de tal obligaci\u00f3.<\/p>\n<p>3. Mitjan\u00e7ant l&#8217;enviament de les seues dades consent la inclusi\u00f3 de les seues dades en el fitxer a dalt esmentat d&#8217;acord amb les anteriors finalitats, incloent la transfer\u00e8ncia internacional de dades a dalt indicada.<\/p>\n<p>4. Quan les dades personals siguen recaptats a trav\u00e9s del formulari, ser\u00e0 necessari que Vost\u00e9 aportaci\u00f3, almenys, aquells marcats amb un asterisc, ja que, si no se subministraren aquestes dades considerades necess\u00e0ries, SUAS ESPORT no podr\u00e0 acceptar i gestionar el servei Web o consulta formulada.<\/p>\n<p>5. En resposta a la preocupaci\u00f3 de SUAS ESPORT per garantir la seguretat i confidencialitat de les seues dades, s&#8217;han adoptat els nivells de seguretat requerits de protecci\u00f3 de les dades personals i s&#8217;han instal\u00b7lat els mitjans t\u00e8cnics al seu abast per a evitar la p\u00e8rdua, mal \u00fas, alteraci\u00f3, acc\u00e9s no autoritzat i robatori de les dades personals facilitades a trav\u00e9s de www.suasesport.com.<\/p>\n<p>6. Per a exercitar els seus drets d&#8217;acc\u00e9s, rectificaci\u00f3, cancel\u00b7laci\u00f3 i oposici\u00f3 sobre les seues dades, vost\u00e9 pot dirigir-se per escrit a la seg\u00fcent adre\u00e7a: SUAS ESPORT, Apartat de Correus 191, D\u00e9nia Alacant. Indicant la referencia \u201cDades personals\u201d i incloent una fotoc\u00f2pia del seu DNI. Tamb\u00e9 pot enviar correu electr\u00f2nic a la seg\u00fcent adre\u00e7a: fransu@suasesport.com, aportant aix\u00ed mateix c\u00f2pia escanejada del seu DNI.<\/p>\n<p>7. De conformitat amb el que s&#8217;estableix en la Llei 34\/2002 d&#8217;11 de juliol, de Serveis de la Societat de la Informaci\u00f3 i del Comer\u00e7 Electr\u00f2nic, en el cas que vost\u00e9 no desitge rebre comunicacions comercials electr\u00f2niques en el futur, per part de SUAS ESPORT, podr\u00e0 manifestar tal desig enviant un mail a la seg\u00fcent adre\u00e7a de correu electr\u00f2nic: fransu@suasesport.com<\/p>\n<p>&nbsp;<\/p>\n<\/div>\n<p>[\/et_pb_text][\/et_pb_column][\/et_pb_row][\/et_pb_section]<\/p>\n","protected":false},"excerpt":{"rendered":"<p>[et_pb_section fb_built=&#8221;1&#8243; _builder_version=&#8221;4.16&#8243; global_colors_info=&#8221;{}&#8221;][et_pb_row _builder_version=&#8221;4.16&#8243; background_size=&#8221;initial&#8221; background_position=&#8221;top_left&#8221; background_repeat=&#8221;repeat&#8221; global_colors_info=&#8221;{}&#8221;][et_pb_column type=&#8221;4_4&#8243; _builder_version=&#8221;4.16&#8243; custom_padding=&#8221;|||&#8221; global_colors_info=&#8221;{}&#8221; custom_padding__hover=&#8221;|||&#8221;][et_pb_text admin_label=&#8221;Texto&#8221; _builder_version=&#8221;4.18.0&#8243; background_size=&#8221;initial&#8221; background_position=&#8221;top_left&#8221; background_repeat=&#8221;repeat&#8221; custom_margin=&#8221;-40px||||false|false&#8221; global_colors_info=&#8221;{}&#8221;] Pol\u00edtica de protecci\u00f3 de dades En compliment del que es disposa en la Llei org\u00e0nica 15\/1999 de 13 de Desembre, de Protecci\u00f3 de Dades de Car\u00e0cter Personal, FRAN\u00c7OISE CRESPO L\u00d3PEZ, (d&#8217;ara en avant, SUAS&hellip; <a class=\"more-link\" href=\"https:\/\/suasesport.com\/ca\/politica-de-privacitat\/\">Continueu llegint <span class=\"screen-reader-text\">Pol\u00edtica de Privacitat<\/span><\/a><\/p>\n","protected":false},"author":1,"featured_media":0,"parent":0,"menu_order":0,"comment_status":"closed","ping_status":"closed","template":"","meta":{"footnotes":""},"class_list":["post-1442","page","type-page","status-publish","hentry","entry"],"_links":{"self":[{"href":"https:\/\/suasesport.com\/ca\/wp-json\/wp\/v2\/pages\/1442","targetHints":{"allow":["GET"]}}],"collection":[{"href":"https:\/\/suasesport.com\/ca\/wp-json\/wp\/v2\/pages"}],"about":[{"href":"https:\/\/suasesport.com\/ca\/wp-json\/wp\/v2\/types\/page"}],"author":[{"embeddable":true,"href":"https:\/\/suasesport.com\/ca\/wp-json\/wp\/v2\/users\/1"}],"replies":[{"embeddable":true,"href":"https:\/\/suasesport.com\/ca\/wp-json\/wp\/v2\/comments?post=1442"}],"version-history":[{"count":13,"href":"https:\/\/suasesport.com\/ca\/wp-json\/wp\/v2\/pages\/1442\/revisions"}],"predecessor-version":[{"id":12249,"href":"https:\/\/suasesport.com\/ca\/wp-json\/wp\/v2\/pages\/1442\/revisions\/12249"}],"wp:attachment":[{"href":"https:\/\/suasesport.com\/ca\/wp-json\/wp\/v2\/media?parent=1442"}],"curies":[{"name":"wp","href":"https:\/\/api.w.org\/{rel}","templated":true}]}}