{"id":1395,"date":"2022-03-30T10:59:28","date_gmt":"2022-03-30T09:59:28","guid":{"rendered":"https:\/\/suasesport.com\/avis-legal\/"},"modified":"2023-04-20T12:16:42","modified_gmt":"2023-04-20T11:16:42","slug":"avis-legal","status":"publish","type":"page","link":"https:\/\/suasesport.com\/ca\/avis-legal\/","title":{"rendered":"Av\u00eds Legal"},"content":{"rendered":"<p>[et_pb_section fb_built=&#8221;1&#8243; _builder_version=&#8221;4.16.0&#8243; _module_preset=&#8221;default&#8221; collapsed=&#8221;off&#8221; global_colors_info=&#8221;{}&#8221;][et_pb_row _builder_version=&#8221;4.16.0&#8243; _module_preset=&#8221;default&#8221; global_colors_info=&#8221;{}&#8221;][et_pb_column type=&#8221;4_4&#8243; _builder_version=&#8221;4.16.0&#8243; _module_preset=&#8221;default&#8221; global_colors_info=&#8221;{}&#8221;][et_pb_text admin_label=&#8221;Texto&#8221; _builder_version=&#8221;4.18.0&#8243; _module_preset=&#8221;default&#8221; custom_margin=&#8221;-40px||||false|false&#8221; hover_enabled=&#8221;0&#8243; global_colors_info=&#8221;{}&#8221; sticky_enabled=&#8221;0&#8243;]<\/p>\n<ol>\n<li><strong>INTRODUCCI\u00d3 I DADES IDENTIFICATIVES<\/strong><\/li>\n<\/ol>\n<p>La seg\u00fcent informaci\u00f3 explica l&#8217;Av\u00eds Legal i les Condicions d&#8217;\u00das que regulen l&#8217;acc\u00e9s, navegaci\u00f3 i \u00fas de la Web de SUAS ESPORT, PERI\u00d2DIC ESPORTIU DE LA MARINA ALTA, FRAN\u00c7OISE CRESPO L\u00d3PEZ (d&#8217;ara en avant, SUAS ESPORT), l&#8217;adre\u00e7a de la qual URL \u00e9s www.suasesport.com podent accedir tamb\u00e9 com www.suasesport.com<\/p>\n<p>FRAN\u00c7OISE CRESPO L\u00d3PEZ, 28990231-L, professional independient amb domicili fiscal en C\/ Ulisses 3E, 1, 1. D\u00e9nia &#8211; Alacant.<\/p>\n<p>Si necessita comunicar-se amb SUAS ESPORT pot enviar-nos una email a fransu@suasesport.com<\/p>\n<ol start=\"2\">\n<li><strong>OBJECTE I \u00c0MBIT D&#8217;APLICACI\u00d3<\/strong><\/li>\n<\/ol>\n<p>Les seg\u00fcents condicions generals regulen l&#8217;acc\u00e9s als continguts i tots els serveis oferits per SUAS ESPORT a trav\u00e9s del seu web www.suasesport.com, inclosos els de comentari de not\u00edcies i articles, i qualsevol altre, aix\u00ed com la utilitzaci\u00f3 dels mateixos per part dels usuaris (tindran la condici\u00f3 d&#8217;usuari els qui accedisquen als Continguts i\/o utilitzen els Serveis, d&#8217;ara en avant els Usuaris. No obstant aix\u00f2, SUAS ESPORT es reserva el dret a modificar la presentaci\u00f3, configuraci\u00f3 i contingut del Lloc web i dels Serveis, aix\u00ed com tamb\u00e9 les condicions requerides per al seu acc\u00e9s i\/o utilitzaci\u00f3. L&#8217;acc\u00e9s i utilitzaci\u00f3 dels Continguts i Serveis despr\u00e9s de l&#8217;entrada en vigor de les seues modificacions o els canvis en les condicions suposen l&#8217;acceptaci\u00f3 d&#8217;aquestes.<\/p>\n<p>L&#8217;acc\u00e9s, navegaci\u00f3 i \u00fas del Lloc web comporta i suposa l&#8217;acceptaci\u00f3 per l&#8217;usuari del present Av\u00eds Legal i les Condicions d&#8217;\u00das que inclou.<\/p>\n<p>En aquest sentit, s&#8217;entendr\u00e0 per Usuari a la persona que accedisca, navegue, utilitze o participe en els serveis i activitats, gratu\u00eftes o oneroses, desenvolupades en el Lloc Web.<\/p>\n<ol start=\"3\">\n<li><strong>ACC\u00c9S<\/strong><\/li>\n<\/ol>\n<p>3.1. L&#8217;acc\u00e9s als Continguts i la utilitzaci\u00f3 dels Serveis proporcionats per www.suasesport.com t\u00e9 car\u00e0cter lliure i gratu\u00eft, si b\u00e9, algun dels Serveis i Continguts oferits per SUAS ESPORT a tercers a trav\u00e9s del Lloc web poden estar subjectes a la seua contractaci\u00f3 pr\u00e8via i al pagament d&#8217;una quantitat, la qual cosa s&#8217;especificar\u00e0 en les seues pr\u00f2pies condicions generals de contractaci\u00f3.<\/p>\n<p>3.2. Queda prohibit l&#8217;acc\u00e9s al Lloc web per part de menors d&#8217;edat, llevat que compten amb l&#8217;autoritzaci\u00f3 pr\u00e8via i expressa dels seus pares, tutors o representants legals, els quals seran considerats com a responsables dels actes que duguen a terme els menors al seu c\u00e0rrec, conforme a la normativa vigent. En tot cas, es presumir\u00e0 que l&#8217;acc\u00e9s realitzat per un menor al Lloc web s&#8217;ha realitzat amb autoritzaci\u00f3 pr\u00e8via i expressa dels seus pares, tutors o representants legals.<\/p>\n<p>3.3. L&#8217;acc\u00e9s i navegaci\u00f3 a trav\u00e9s del Lloc web no requereix Registre. Si b\u00e9 per a realitzar comentaris es requereix d&#8217;un nom usuari i un email aportat per l&#8217;usuari.<\/p>\n<p>En virtut de l&#8217;anterior, \u00e9s obligaci\u00f3 de l&#8217;Usuari notificar de manera immediata als gestors del Lloc web sobre qualsevol fet que permeta l&#8217;\u00fas indegut dels identificadors i\/o contrasenyes, com ara el robatori, extraviament, o l&#8217;acc\u00e9s no autoritzat a aquests, amb la finalitat de procedir a la seua immediata cancel\u00b7laci\u00f3. Mentre no es comuniquen tals fets, SUAS ESPORT quedar\u00e0 eximida de qualsevol responsabilitat que poguera derivar-se de l&#8217;\u00fas indegut dels identificadors per tercers no autoritzats.<\/p>\n<ol start=\"4\">\n<li><strong>DRETS DE PROPIETAT INTEL\u00b7LECTUAL I INDUSTRIAL<\/strong><\/li>\n<\/ol>\n<p>El present Lloc web es regeix per les lleis espanyoles i per la legislaci\u00f3 nacional i internacional sobre propietat intel\u00b7lectual i industrial.<\/p>\n<p>SUAS ESPORT per si o com a cession\u00e0ria o llicenciat\u00e0ria, est\u00e0 autoritzada o \u00e9s titular de tots els drets de propietat intel\u00b7lectual i industrial del Lloc web, fent expressa reserva d&#8217;aquests, puix que queda expressament prohibida la reproducci\u00f3, distribuci\u00f3 i comunicaci\u00f3 p\u00fablica en tot o en part d&#8217;aquests, en cap forma ni per cap mitj\u00e0 sense comptar amb l&#8217;autoritzaci\u00f3 pr\u00e8via, tot aix\u00f2 de conformitat amb el que es preveu en l&#8217;article 32.1 del Text Ref\u00f3s de la Llei de Propietat Intel\u00b7lectual.<\/p>\n<p>L&#8217;Usuari s&#8217;abstindr\u00e0 d&#8217;emprar qualsevol sistema o dispositiu capa\u00e7 d&#8217;accedir o alterar la configuraci\u00f3 del Lloc web o el seu sistema de seguretat.<\/p>\n<p>En cap cas s&#8217;entendr\u00e0 que l&#8217;acc\u00e9s i navegaci\u00f3 de l&#8217;Usuari pel Lloc web o la utilitzaci\u00f3, adquisici\u00f3 i\/o contractaci\u00f3 de productes o serveis oferits a trav\u00e9s del Lloc web, implique una ren\u00fancia, transmissi\u00f3, llic\u00e8ncia o cessi\u00f3 total ni parcial d&#8217;aquests drets per part de SUAS ESPORT.<\/p>\n<ol start=\"5\">\n<li><strong>UTILITZACI\u00d3 DE LA P\u00c0GINA<\/strong><\/li>\n<\/ol>\n<p>5.1. L&#8217;Usuari es compromet a utilitzar els Serveis proporcionats per www.suasesport.com de conformitat amb la Llei i amb les presents Condicions Generals. L&#8217;Usuari s&#8217;obliga a abstindre&#8217;s d&#8217;utilitzar els Serveis amb finalitats o efectes il\u00b7l\u00edcits o contraris al que s&#8217;estableix en les Condicions Generals.<\/p>\n<p>5.2. L&#8217;Usuari est\u00e0 d&#8217;acord i t\u00e9 present que en els serveis de comentari de not\u00edcies, enviament d&#8217;informaci\u00f3 a trav\u00e9s de formularis, aix\u00ed com qualssevol altres que permeten la publicaci\u00f3 de les opinions dels Usuaris, no s&#8217;accepten anuncis, cadenes de missatges de correu electr\u00f2nic o qualsevol altre contingut que no siga opinar o debatre sobre articles o not\u00edcies. En utilitzar els Serveis, l&#8217;Usuari manifesta la seua conformitat amb aquestes Condicions Generals, comprometent-se a no utilitzar-los per a enviar missatges que difamen o insulten, o que continguen informaci\u00f3 falsa, que siga inapropiada, abusiva, nociva, pornogr\u00e0fica, amena\u00e7adora, danyant la imatge p\u00fablica o la vida privada de terceres persones o que per alguna causa infringisquen alguna llei.<\/p>\n<p>5.3. En particular, i a t\u00edtol merament indicatiu i no exhaustiu, l&#8217;Usuari es compromet a no captar dades amb finalitat publicit\u00e0ria, a no enviar cap tipus de publicitat en l\u00ednia i a no transmetre, difondre o posar a la disposici\u00f3 de tercers a trav\u00e9s dels Serveis proporcionats per www.suasesport.com, informacions, missatges, gr\u00e0fics, arxius de so o imatge, fotografies, enregistraments, programari i en general qualsevol classe de material, dades o continguts que, sense \u00e0nim exhaustiu:<\/p>\n<ul>\n<li>inc\u00f3rreguen en activitats il\u00b7l\u00edcites, il\u00b7legals o contr\u00e0ries a la bona fe i a l&#8217;ordre p\u00fablic<\/li>\n<li>de qualsevol forma contravinguen, menyspreen o atempten contra els drets fonamentals i llibertats p\u00fabliques reconegudes constitucionalment i\/o en els tractats internacionals i\/o en la resta de l&#8217;Ordenament Jur\u00eddic<\/li>\n<li>indu\u00efsquen, inciten o promoguen actuacions delictives, denigrat\u00f2ries, difamat\u00f2ries o violentes<\/li>\n<li>indu\u00efsquen, inciten o promoguen actuacions, actituds o idees discriminat\u00f2ries per ra\u00f3 de sexe, ra\u00e7a, religi\u00f3, creences o edat<\/li>\n<li>incorporen missatges delictius, violents o degradants<\/li>\n<li>indu\u00efsquen o inciten a involucrar-se en pr\u00e0ctiques perilloses, de risc o nocives per a la salut i l&#8217;equilibri ps\u00edquic<\/li>\n<li>siguen falsos, ambigus, inexactes, exagerats o extemporanis, de manera que puguen induir a error sobre el seu objecte o sobre les intencions o prop\u00f2sits del comunicant<\/li>\n<li>es troben protegits per qualssevol drets de propietat intel\u00b7lectual o industrial pertanyents a tercers, sense que l&#8217;Usuari haja obtingut pr\u00e8viament dels seus titulars l&#8217;autoritzaci\u00f3 necess\u00e0ria per a dur a terme l&#8217;\u00fas que efectua o pret\u00e9n efectuar<\/li>\n<li>violen els secrets empresarials de tercers<\/li>\n<li>siguen contraris al dret a l&#8217;honor, a la intimitat personal i familiar o a la pr\u00f2pia imatge de les persones<\/li>\n<li>infringisquen la normativa sobre secret de les comunicacions<\/li>\n<li>provoquen per les seues caracter\u00edstiques (com a format, extensi\u00f3, etc.) dificultats en el normal funcionament dels Serveis<\/li>\n<\/ul>\n<p><strong>Responsabilitat per danys i perjudicis<\/strong><\/p>\n<p>L&#8217;Usuari respondr\u00e0 de l&#8217;incompliment de qualssevol de les obligacions a les quals queda sotm\u00e9s per virtut de les presents Condicions Generals o de la llei en relaci\u00f3 amb la utilitzaci\u00f3 dels Serveis.<\/p>\n<ol start=\"6\">\n<li><strong>LLIC\u00c8NCIA SOBRE LES COMUNICACIONS<\/strong><\/li>\n<\/ol>\n<p>6.1. En el cas que l&#8217;Usuari envie informaci\u00f3 de qualsevol tipus a SUAS ESPORT a trav\u00e9s del Lloc web, mitjan\u00e7ant els canals disposats a tal fi en la pr\u00f2pia P\u00e0gina, l&#8217;Usuari declara, garanteix i accepta que t\u00e9 dret a fer-ho lliurement, que aquesta informaci\u00f3 no infringeix cap dret de propietat intel\u00b7lectual, de marca, de patent, secret comercial, o qualsevol altre dret de tercer, que aquesta informaci\u00f3 no t\u00e9 car\u00e0cter confidencial i que aquesta informaci\u00f3 no \u00e9s perjudicial per a tercers.<\/p>\n<p>6.2. L&#8217;Usuari reconeix assumir la responsabilitat i deixar\u00e0 indemne a SUAS ESPORT per qualsevol comunicaci\u00f3 que subministre personalment o al seu nom, aconseguint aquesta responsabilitat sense cap restricci\u00f3 l&#8217;exactitud, legalitat, originalitat i titularitat d&#8217;aquesta.<\/p>\n<ol start=\"7\">\n<li><strong>RESPONSABILITATS I GARANTIES<\/strong><\/li>\n<\/ol>\n<p>SUAS ESPORT no pot garantir la fiabilitat, utilitat o veracitat dels serveis o de la informaci\u00f3 que es preste a trav\u00e9s del Lloc web, ni tampoc de la utilitat o veracitat de la documentaci\u00f3 dels esdeveniments que poden ser adquirir-vos a trav\u00e9s del Lloc web, preparada per professionals de molt diversos sectors.<\/p>\n<p>En conseq\u00fc\u00e8ncia, SUAS ESPORT no garanteix ni es fa responsable de:<\/p>\n<ul>\n<li>la continu\u00eftat dels continguts del Lloc web.<\/li>\n<li>l&#8217;abs\u00e8ncia d&#8217;errors en aquests continguts o productes.<\/li>\n<li>l&#8217;abs\u00e8ncia de virus i\/o altres components nocius en el Lloc web o en el servidor que el subministra.<\/li>\n<li>la invulnerabilitat del Lloc web i\/o la inexpugnabilitat de les mesures de seguretat que s&#8217;adopten en aquest.<\/li>\n<li>la falta d&#8217;utilitat o rendiment dels continguts i productes del Lloc web.<\/li>\n<li>els danys o perjudicis que cause, a si mateix o a un tercer, qualsevol persona que infringira les condicions, normes i instruccions que SUAS ESPORT estableix en el Lloc web o a trav\u00e9s de la vulneraci\u00f3 dels sistemes de seguretat del Lloc web.<\/li>\n<\/ul>\n<p>Aix\u00f2 no obstant, SUAS ESPORT declara que ha adoptat totes les mesures necess\u00e0ries, dins de les seues possibilitats i de l&#8217;estat de la tecnologia, per a garantir el funcionament del Lloc web i evitar l&#8217;exist\u00e8ncia i transmissi\u00f3 de virus i altres components nocius als Usuaris.<\/p>\n<p>Si l&#8217;Usuari tinguera coneixement de l&#8217;exist\u00e8ncia d&#8217;algun contingut il\u00b7l\u00edcit, il\u00b7legal, contrari a les lleis o que poguera suposar una infracci\u00f3 de drets de propietat intel\u00b7lectual i\/o industrial, haur\u00e0 de notificar-ho immediatament a SUAS ESPORT perqu\u00e8 aquesta puga procedir a l&#8217;adopci\u00f3 de les mesures oportunes.<\/p>\n<p><strong>Exclusi\u00f3 de garanties i exoneraci\u00f3 de responsabilitat<\/strong><\/p>\n<p>SUAS ESPORT no garanteix la disponibilitat i continu\u00eftat del funcionament dels Serveis. SUAS ESPORT tampoc garanteix la utilitat dels Serveis per a la realitzaci\u00f3 de cap activitat en particular, ni la seua infal\u00b7libilitat i, en particular, encara que no de manera exclusiva, que els Usuaris puguen efectivament accedir a les diferents p\u00e0gines web que formen el servei, ni que a trav\u00e9s del mateix es puguen difondre o posar a la disposici\u00f3 de tercers informacions, dades o continguts o accedir a informacions, dades o continguts difosos o llocs a disposici\u00f3 per tercers.<\/p>\n<p>SUAS ESPORT no assumeix cap responsabilitat pels danys i perjudicis de qualsevol naturalesa que puguen derivar-se de la falta de disponibilitat o de continu\u00eftat del funcionament dels Serveis, i de l&#8217;acc\u00e9s als Continguts i a les suspensions del servei i, en particular, encara que no d&#8217;una manera exclusiva, a les limitacions temporals en l&#8217;acc\u00e9s a les diferents p\u00e0gines web del servei de comentaris. SUAS ESPORT podr\u00e0 en qualsevol moment suspendre temporal o definitivament qualsevol Servei.<\/p>\n<p>SUAS ESPORT no assumeix cap responsabilitat ni garanteix l&#8217;abs\u00e8ncia de virus o altres elements en els Continguts que puguen produir alteracions en el sistema inform\u00e0tic de l&#8217;Usuari (programari i maquinari) o en els documents electr\u00f2nics i fitxers emmagatzemats en el seu sistema inform\u00e0tic.<\/p>\n<p>SUAS ESPORT no assumeix cap responsabilitat respecte a la veracitat, licitud, exactitud, exhaustivitat, actualitat, fiabilitat i\/o utilitat dels Continguts.<\/p>\n<p>SUAS ESPORT no assumeix cap responsabilitat pel contingut o serveis que existiren en enlla\u00e7os als quals es poguera accedir des del Lloc web.<\/p>\n<p><strong>Utilitzaci\u00f3 dels Serveis sota l&#8217;Exclusiva Responsabilitat de l&#8217;Usuari<\/strong><\/p>\n<p>L&#8217;Usuari \u00e9s conscient i accepta volunt\u00e0riament que l&#8217;\u00fas dels Serveis t\u00e9 lloc, en tot cas, sota la seua \u00fanica i exclusiva responsabilitat. Tenint en compte la naturalesa d&#8217;aquests Serveis, el contingut dels missatges publicats a trav\u00e9s dels mateixos expressa \u00fanicament l&#8217;opini\u00f3 del seu autor. SUAS ESPORT no garanteix l&#8217;exactitud, integritat o utilitat de qualsevol missatge, per la qual cosa en cap cas ser\u00e0 responsable del contingut d&#8217;aquests.<\/p>\n<p>L&#8217;Usuari reconeix i accepta que la utilitzaci\u00f3 del Lloc web ser\u00e0 efectuada amb finalitats estrictament particulars, la qual cosa suposa que queda prohibit que l&#8217;Usuari autoritze tercers l&#8217;\u00fas total o parcial del Lloc web o que introdu\u00efsca o incorpore com una activitat empresarial pr\u00f2pia els Continguts i els Serveis.<\/p>\n<p><strong>Exclusi\u00f3 de garanties i exoneraci\u00f3 de responsabilitat per la utilitzaci\u00f3 dels Serveis pels Usuaris<\/strong><\/p>\n<p>SUAS ESPORT no t\u00e9 obligaci\u00f3 de controlar la utilitzaci\u00f3 que els Usuaris fan dels Serveis. En particular, SUAS ESPORT no garanteix que els Usuaris utilitzen els Serveis de conformitat amb aquestes Condicions Generals, ni que ho facen de manera diligent. SUAS ESPORT tampoc t\u00e9 l&#8217;obligaci\u00f3 de verificar la identitat dels Usuaris, ni la veracitat, vig\u00e8ncia, exhaustivitat i autenticitat de les dades que els Usuaris proporcionen sobre si mateixos a altres Usuaris. En qualsevol cas, conserva les dades i informaci\u00f3 que la legislaci\u00f3 en vigor li exigeix.<\/p>\n<p><strong>Limitaci\u00f3 en la Utilitzaci\u00f3 dels Serveis<\/strong><\/p>\n<p>SUAS ESPORT es reserva el dret a denegar la utilitzaci\u00f3 dels Serveis i a retirar les informacions, dades i continguts difosos o llocs a la disposici\u00f3 de tercers a trav\u00e9s de qualsevol d&#8217;aquests Serveis, en qualsevol moment i sense necessitat de previ av\u00eds a aquells Usuaris que incomplisquen aquestes Condicions Generals. SUAS ESPORT podr\u00e0 eliminar aquells missatges que considere inapropiats, fora de context o que no tenen continu\u00eftat amb el debat<\/p>\n<ol start=\"8\">\n<li><strong>ENLLA\u00c7OS<\/strong><\/li>\n<\/ol>\n<p>8.1 Enlla\u00e7os a altres p\u00e0gines Web<\/p>\n<p>En cas que en el Lloc web, l&#8217;Usuari poguera trobar enlla\u00e7os a altres p\u00e0gines Web mitjan\u00e7ant diferents botons, links, b\u00e0ners, etc., aquests serien gestionats per tercers. SUAS ESPORT no t\u00e9 facultat ni mitjans humans ni t\u00e8cnics per a con\u00e9ixer, controlar ni aprovar tota la informaci\u00f3, continguts, productes o serveis facilitats per altres llocs web als quals es puguen establir enlla\u00e7os des del Lloc web.<\/p>\n<p>En conseq\u00fc\u00e8ncia, SUAS ESPORT no podr\u00e0 assumir cap mena de responsabilitat per qualsevol aspecte relatiu a la p\u00e0gina Web a la qual es poguera establir un enlla\u00e7 des del Lloc web, en concret, a t\u00edtol enunciatiu i no taxatiu, sobre el seu funcionament, acc\u00e9s, dades, informaci\u00f3, arxius, qualitat i fiabilitat dels seus productes i serveis, els seus propis enlla\u00e7os i\/o qualsevol dels seus continguts, en general.<\/p>\n<p>En aquest sentit, si els Usuaris tingueren coneixement efectiu de la il\u00b7licitud d&#8217;activitats desenvolupades a trav\u00e9s d&#8217;aquestes p\u00e0gines Web de tercers, hauran de comunicar-ho immediatament a SUAS ESPORT a l&#8217;efecte de que es procedisca a deshabilitar l&#8217;enlla\u00e7 d&#8217;acc\u00e9s a aquesta.<\/p>\n<p>L&#8217;establiment de qualsevol mena d&#8217;enlla\u00e7 des del Lloc web a un altre Lloc web ali\u00e9 no implicar\u00e0 que existisca algun tipus de relaci\u00f3, col\u00b7laboraci\u00f3 o depend\u00e8ncia entre SUAS ESPORT i el responsable del Lloc web ali\u00e9.<\/p>\n<p>8.2 Enlla\u00e7os en altres p\u00e0gines Web amb destinaci\u00f3 al Lloc web<\/p>\n<p>Si qualsevol Usuari, entitat o Lloc web desitjara establir algun tipus d&#8217;enlla\u00e7 amb destinaci\u00f3 al Lloc web haur\u00e0 d&#8217;atindre&#8217;s a les seg\u00fcents estipulacions:<\/p>\n<ul>\n<li>L&#8217;enlla\u00e7 ha de ser absolut i complet, \u00e9s a dir, ha de portar a l&#8217;Usuari, mitjan\u00e7ant un clic, a la pr\u00f2pia direcci\u00f3 URL de la p\u00e0gina del Lloc web que s&#8217;enllace i ha d&#8217;abastar completament tota l&#8217;extensi\u00f3 de la pantalla de la p\u00e0gina del Lloc web que s&#8217;enllace. En cap cas, llevat que SUAS ESPORT l&#8217;autoritze de manera expressa i per escrit, el lloc web que realitza l&#8217;enlla\u00e7 podr\u00e0 reproduir, de qualsevol manera, el Lloc web, incloure&#8217;l com a part del seu Web o dins d&#8217;un dels seus &#8220;frames&#8221; o crear un &#8220;browser&#8221; sobre qualsevol de les p\u00e0gines del Lloc web.<\/li>\n<li>En la p\u00e0gina que estableix l&#8217;enlla\u00e7 no es podr\u00e0 declarar de cap manera que SUAS ESPORT ha autoritzat tal enlla\u00e7, llevat que SUAS ESPORT ho haja fet expressament i per escrit. Si l&#8217;entitat que realitza l&#8217;enlla\u00e7 des de la seua p\u00e0gina al Lloc web correctament desitjara incloure en la seua p\u00e0gina Web la marca, denominaci\u00f3, nom comercial, r\u00e8tol, logotip, esl\u00f2gan o qualsevol altre tipus d&#8217;element identificatiu de SUAS ESPORT.<\/li>\n<li>SUAS ESPORT no autoritza l&#8217;establiment d&#8217;un enlla\u00e7 al Lloc web des d&#8217;aquelles p\u00e0gines Web que continguen materials, informaci\u00f3 o continguts il\u00b7l\u00edcits, il\u00b7legals, degradants, obscens, i en general, que contravinguen la moral, l&#8217;ordre p\u00fablic o les normes socials generalment acceptades.<\/li>\n<\/ul>\n<p>SUAS ESPORT no t\u00e9 facultat ni mitjans humans i t\u00e8cnics per a con\u00e9ixer, controlar ni aprovar tota la informaci\u00f3, continguts, productes o serveis facilitats per altres llocs web que tinguen establits enlla\u00e7os amb destinaci\u00f3 al Lloc web. SUAS ESPORT no assumeix cap mena de responsabilitat per qualsevol aspecte relatiu al Lloc web que estableix aqueix enlla\u00e7 amb destinaci\u00f3 al Lloc web, en concret, a t\u00edtol enunciatiu i no taxatiu, sobre el seu funcionament, acc\u00e9s, dades, informaci\u00f3, arxius, qualitat i fiabilitat dels seus productes i serveis, els seus propis enlla\u00e7os i\/o qualsevol dels seus continguts, en general.<\/p>\n<ol start=\"9\">\n<li><strong>POL\u00cdTICA DE PRIVACITAT<\/strong><\/li>\n<\/ol>\n<p>La Pol\u00edtica de privacitat de www.suasesport.com queda determinada pel que s&#8217;estableix en el document <strong><a href=\"https:\/\/suasesport.com\/ca\/politica-de-privacitat\/?lang=ca\" title=\"PRIVACITAT\">POL\u00cdTICA DE PRIVACITAT<\/a><\/strong><\/p>\n<ol start=\"10\">\n<li><strong>COOKIES<\/strong><\/li>\n<\/ol>\n<p>La Pol\u00edtica de cookies de www.suasesport.com queda determinada pel que s&#8217;estableix en el document <strong><a href=\"https:\/\/suasesport.com\/ca\/cookies\/?lang=ca\" title=\"COOKIES\">POL\u00cdTICA DE COOKIES<\/a><\/strong><\/p>\n<p>11. <strong>DURACI\u00d3 Y MODIFICACI\u00d3<\/strong><\/p>\n<p>11.1. SUAS ESPORT podr\u00e0 modificar els termes i condicions ac\u00ed estipulats, totalment o parcialment, publicant qualsevol canvi en la mateixa forma en qu\u00e8 apareix aquest Av\u00eds legal o a trav\u00e9s de qualsevol mena de comunicaci\u00f3 dirigida als Usuaris.<\/p>\n<p>11.2. La vig\u00e8ncia temporal d&#8217;aquest Av\u00eds legal coincideix, per tant, amb el temps de la seua exposici\u00f3, fins que siguen modificades totalment o parcialment, moment en el qual passar\u00e0 a tindre vig\u00e8ncia l&#8217;Av\u00eds legal modificat.<\/p>\n<p>11.3. Amb independ\u00e8ncia del que es disposa en les condicions particulars, SUAS ESPORT podr\u00e0 donar per acabat, suspendre o interrompre, en qualsevol moment sense necessitat de preav\u00eds, l&#8217;acc\u00e9s als continguts de la p\u00e0gina, sense possibilitat per part de l&#8217;Usuari d&#8217;exigir cap indemnitzaci\u00f3. Despr\u00e9s d&#8217;aquesta extinci\u00f3, continuaran vigents les prohibicions d&#8217;\u00fas dels continguts exposades anteriorment en el present Av\u00eds legal.<\/p>\n<ol start=\"12\">\n<li><strong>ACCIONS LEGALS<\/strong><\/li>\n<\/ol>\n<p><span>SUAS ESPORT es reserva, aix\u00ed mateix, la facultat de presentar les accions civils o penals que considere oportunes per la utilitzaci\u00f3 indeguda del seu lloc web i continguts, o per l&#8217;incompliment de les presents condicions.<\/span><\/p>\n<ol start=\"13\">\n<li><strong>JURISDICCI\u00d3<\/strong><\/li>\n<\/ol>\n<p>Les relacions establides entre SUAS ESPORT i l&#8217;Usuari es regiran pel que es disposa en la normativa vigent sobre la legislaci\u00f3 aplicable i la jurisdicci\u00f3 competent. No obstant aix\u00f2, per als casos en els quals la normativa preveja la possibilitat a les parts de sotmetre&#8217;s a un fur, SUAS ESPORT i l&#8217;Usuari, amb ren\u00fancia expressa a qualsevol altre fur que poguera correspondre&#8217;ls, sotmetran qualssevol controv\u00e8rsies i\/o litigis al coneixement dels Jutjats i Tribunals de la ciutat de D\u00e9nia.<\/p>\n<ol start=\"14\"><\/ol>\n<p>&nbsp;<\/p>\n<p>[\/et_pb_text][\/et_pb_column][\/et_pb_row][\/et_pb_section]<\/p>\n","protected":false},"excerpt":{"rendered":"<p>[et_pb_section fb_built=&#8221;1&#8243; _builder_version=&#8221;4.16.0&#8243; _module_preset=&#8221;default&#8221; collapsed=&#8221;off&#8221; global_colors_info=&#8221;{}&#8221;][et_pb_row _builder_version=&#8221;4.16.0&#8243; _module_preset=&#8221;default&#8221; global_colors_info=&#8221;{}&#8221;][et_pb_column type=&#8221;4_4&#8243; _builder_version=&#8221;4.16.0&#8243; _module_preset=&#8221;default&#8221; global_colors_info=&#8221;{}&#8221;][et_pb_text admin_label=&#8221;Texto&#8221; _builder_version=&#8221;4.18.0&#8243; _module_preset=&#8221;default&#8221; custom_margin=&#8221;-40px||||false|false&#8221; hover_enabled=&#8221;0&#8243; global_colors_info=&#8221;{}&#8221; sticky_enabled=&#8221;0&#8243;] INTRODUCCI\u00d3 I DADES IDENTIFICATIVES La seg\u00fcent informaci\u00f3 explica l&#8217;Av\u00eds Legal i les Condicions d&#8217;\u00das que regulen l&#8217;acc\u00e9s, navegaci\u00f3 i \u00fas de la Web de SUAS ESPORT, PERI\u00d2DIC ESPORTIU DE LA MARINA ALTA, FRAN\u00c7OISE CRESPO L\u00d3PEZ&hellip; <a class=\"more-link\" href=\"https:\/\/suasesport.com\/ca\/avis-legal\/\">Continueu llegint <span class=\"screen-reader-text\">Av\u00eds Legal<\/span><\/a><\/p>\n","protected":false},"author":1,"featured_media":0,"parent":0,"menu_order":0,"comment_status":"closed","ping_status":"closed","template":"","meta":{"footnotes":""},"class_list":["post-1395","page","type-page","status-publish","hentry","entry"],"_links":{"self":[{"href":"https:\/\/suasesport.com\/ca\/wp-json\/wp\/v2\/pages\/1395","targetHints":{"allow":["GET"]}}],"collection":[{"href":"https:\/\/suasesport.com\/ca\/wp-json\/wp\/v2\/pages"}],"about":[{"href":"https:\/\/suasesport.com\/ca\/wp-json\/wp\/v2\/types\/page"}],"author":[{"embeddable":true,"href":"https:\/\/suasesport.com\/ca\/wp-json\/wp\/v2\/users\/1"}],"replies":[{"embeddable":true,"href":"https:\/\/suasesport.com\/ca\/wp-json\/wp\/v2\/comments?post=1395"}],"version-history":[{"count":22,"href":"https:\/\/suasesport.com\/ca\/wp-json\/wp\/v2\/pages\/1395\/revisions"}],"predecessor-version":[{"id":12231,"href":"https:\/\/suasesport.com\/ca\/wp-json\/wp\/v2\/pages\/1395\/revisions\/12231"}],"wp:attachment":[{"href":"https:\/\/suasesport.com\/ca\/wp-json\/wp\/v2\/media?parent=1395"}],"curies":[{"name":"wp","href":"https:\/\/api.w.org\/{rel}","templated":true}]}}